{"id":1712,"date":"2022-01-25T08:51:10","date_gmt":"2022-01-25T08:51:10","guid":{"rendered":"https:\/\/ledigarage.ch\/voitures\/"},"modified":"2025-12-19T17:32:18","modified_gmt":"2025-12-19T17:32:18","slug":"voitures","status":"publish","type":"page","link":"https:\/\/ledigarage.ch\/fr\/voitures\/","title":{"rendered":"voitures"},"content":{"rendered":"<p>[et_pb_section fb_built=&#8221;1&#8243; custom_padding_last_edited=&#8221;on|tablet&#8221; admin_label=&#8221;Hero&#8221; _builder_version=&#8221;4.24.2&#8243; use_background_color_gradient=&#8221;on&#8221; background_color_gradient_stops=&#8221;rgba(0,0,0,0.19) 0%|rgba(0,0,0,0.39) 100%&#8221; background_color_gradient_overlays_image=&#8221;on&#8221; background_color_gradient_start=&#8221;rgba(0,0,0,0.19)&#8221; background_color_gradient_end=&#8221;rgba(0,0,0,0.39)&#8221; background_image=&#8221;https:\/\/ledigarage.ch\/wp-content\/uploads\/2024\/10\/Fahrzeuge1-ezgif.com-jpg-to-webp-converter-scaled.webp&#8221; custom_margin=&#8221;0px|||&#8221; custom_padding=&#8221;0px|10%|0px|10%|true|true&#8221; custom_padding_tablet=&#8221;|30px||30px||true&#8221; custom_padding_phone=&#8221;|||||true&#8221; locked=&#8221;off&#8221; global_colors_info=&#8221;{}&#8221;][et_pb_row column_structure=&#8221;2_3,1_3&#8243; padding_top_bottom_link_1=&#8221;true&#8221; padding_left_right_link_1=&#8221;true&#8221; _builder_version=&#8221;4.16&#8243; background_size=&#8221;initial&#8221; background_position=&#8221;top_left&#8221; width=&#8221;100%&#8221; max_width=&#8221;100%&#8221; custom_margin=&#8221;|||&#8221; custom_padding=&#8221;0||0px||false|false&#8221; use_custom_width=&#8221;on&#8221; width_unit=&#8221;off&#8221; custom_width_percent=&#8221;100%&#8221; global_colors_info=&#8221;{}&#8221;][et_pb_column type=&#8221;2_3&#8243; _builder_version=&#8221;4.16&#8243; custom_padding=&#8221;10vw|40px|10vw|40px&#8221; custom_padding_tablet=&#8221;|||&#8221; custom_padding_phone=&#8221;|10px||10px||true&#8221; custom_padding_last_edited=&#8221;on|desktop&#8221; global_colors_info=&#8221;{}&#8221; padding_phone=&#8221;|10px||10px||true&#8221; padding_tablet=&#8221;|||&#8221; padding_last_edited=&#8221;on|desktop&#8221; custom_padding__hover=&#8221;|||&#8221;][et_pb_text _builder_version=&#8221;4.16&#8243; text_font=&#8221;||||||||&#8221; text_text_color=&#8221;#FFFFFF&#8221; header_font=&#8221;||||||||&#8221; header_4_font=&#8221;Bai Jamjuree|600||on|||||&#8221; header_4_text_align=&#8221;center&#8221; header_4_text_color=&#8221;#FFFFFF&#8221; header_4_font_size=&#8221;30px&#8221; header_4_letter_spacing=&#8221;1px&#8221; header_4_line_height=&#8221;1.2em&#8221; custom_margin=&#8221;||0px|0px|false|false&#8221; custom_margin_tablet=&#8221;|||0px&#8221; custom_margin_phone=&#8221;&#8221; custom_margin_last_edited=&#8221;on|tablet&#8221; animation_style=&#8221;slide&#8221; animation_direction=&#8221;right&#8221; animation_intensity_slide=&#8221;10%&#8221; header_4_font_size_tablet=&#8221;20px&#8221; header_4_font_size_phone=&#8221;17px&#8221; header_4_font_size_last_edited=&#8221;on|phone&#8221; locked=&#8221;off&#8221; global_colors_info=&#8221;{}&#8221;]<\/p>\n<h4><span style=\"font-weight: 400;\">Ledi Garage Feutersoey AG<\/span><\/h4>\n<p>[\/et_pb_text][et_pb_text _builder_version=&#8221;4.16&#8243; text_font=&#8221;Lato||||||||&#8221; text_font_size=&#8221;20px&#8221; text_line_height=&#8221;1.8em&#8221; header_font=&#8221;Bai Jamjuree|700||on|||||&#8221; header_text_align=&#8221;center&#8221; header_font_size=&#8221;5vw&#8221; header_letter_spacing=&#8221;0.05em&#8221; text_orientation=&#8221;center&#8221; background_layout=&#8221;dark&#8221; custom_margin=&#8221;|-10vw|0px|&#8221; custom_margin_tablet=&#8221;|0vw||&#8221; custom_margin_phone=&#8221;|-5vw||&#8221; custom_margin_last_edited=&#8221;on|tablet&#8221; animation_style=&#8221;zoom&#8221; animation_delay=&#8221;100ms&#8221; animation_intensity_zoom=&#8221;10%&#8221; header_font_size_tablet=&#8221;7vw&#8221; header_font_size_phone=&#8221;8vw&#8221; header_font_size_last_edited=&#8221;on|phone&#8221; header_line_height_tablet=&#8221;&#8221; header_line_height_phone=&#8221;1.2em&#8221; header_line_height_last_edited=&#8221;on|tablet&#8221; header_text_shadow_style=&#8221;preset1&#8243; header_text_shadow_vertical_length=&#8221;0.18em&#8221; header_text_shadow_blur_strength=&#8221;0.27em&#8221; header_text_shadow_color=&#8221;rgba(0,0,0,0.38)&#8221; locked=&#8221;off&#8221; global_colors_info=&#8221;{}&#8221;]<\/p>\n<h1>voitures<\/h1>\n<p>[\/et_pb_text][\/et_pb_column][et_pb_column type=&#8221;1_3&#8243; _builder_version=&#8221;4.16&#8243; custom_padding=&#8221;|||&#8221; global_colors_info=&#8221;{}&#8221; custom_padding__hover=&#8221;|||&#8221;][\/et_pb_column][\/et_pb_row][\/et_pb_section][et_pb_section fb_built=&#8221;1&#8243; custom_padding_last_edited=&#8221;on|phone&#8221; admin_label=&#8221;Features&#8221; _builder_version=&#8221;4.16&#8243; background_enable_image=&#8221;off&#8221; custom_padding=&#8221;80px|0px|20px|0px|false|false&#8221; custom_padding_tablet=&#8221;80px|0px|20px|0px|false|false&#8221; custom_padding_phone=&#8221;40px||20px||false|false&#8221; bottom_divider_arrangement=&#8221;above_content&#8221; bottom_divider_height_tablet=&#8221;&#8221; bottom_divider_height_phone=&#8221;50px&#8221; bottom_divider_height_last_edited=&#8221;on|desktop&#8221; animation_direction=&#8221;bottom&#8221; locked=&#8221;off&#8221; global_colors_info=&#8221;{}&#8221;][et_pb_row _builder_version=&#8221;4.16&#8243; animation_direction=&#8221;bottom&#8221; global_colors_info=&#8221;{}&#8221;][et_pb_column type=&#8221;4_4&#8243; _builder_version=&#8221;4.16&#8243; custom_padding=&#8221;|||&#8221; global_colors_info=&#8221;{}&#8221; custom_padding__hover=&#8221;|||&#8221;][et_pb_text _builder_version=&#8221;4.16&#8243; text_font=&#8221;Lato||||||||&#8221; text_font_size=&#8221;20px&#8221; text_line_height=&#8221;1.8em&#8221; header_font=&#8221;||||||||&#8221; header_2_font=&#8221;Bai Jamjuree|700|||||||&#8221; header_2_font_size=&#8221;5rem&#8221; text_orientation=&#8221;center&#8221; max_width=&#8221;100%&#8221; module_alignment=&#8221;center&#8221; custom_margin=&#8221;|||&#8221; animation_style=&#8221;slide&#8221; animation_direction=&#8221;bottom&#8221; animation_intensity_slide=&#8221;10%&#8221; header_2_font_size_tablet=&#8221;66px&#8221; header_2_font_size_phone=&#8221;36px&#8221; header_2_font_size_last_edited=&#8221;on|phone&#8221; global_colors_info=&#8221;{}&#8221;]<\/p>\n<h2>Nouvelles voitures et occasions<\/h2>\n<p>[\/et_pb_text][et_pb_blurb use_icon=&#8221;on&#8221; content_max_width=&#8221;1080px&#8221; _builder_version=&#8221;4.16&#8243; header_font=&#8221;Teko|500|||||||&#8221; header_font_size=&#8221;28px&#8221; header_line_height=&#8221;1.4em&#8221; body_font=&#8221;Bai Jamjuree||||||||&#8221; body_text_color=&#8221;#000000&#8243; body_font_size=&#8221;25px&#8221; body_line_height=&#8221;1.8em&#8221; text_orientation=&#8221;center&#8221; animation_style=&#8221;slide&#8221; animation_direction=&#8221;bottom&#8221; animation_delay=&#8221;300ms&#8221; animation_intensity_slide=&#8221;10%&#8221; body_font_size_tablet=&#8221;&#8221; body_font_size_phone=&#8221;21px&#8221; body_font_size_last_edited=&#8221;on|phone&#8221; locked=&#8221;off&#8221; global_colors_info=&#8221;{}&#8221;]<\/p>\n<p>\u00cates-vous int\u00e9ress\u00e9 \u00e0 un nouveau Land Rover \/ Range Rover ou une occasion ? Nous vous offrons des voitures avec garantie. Ici vous trouvez nos offres exclusives de prix optimaux. C\u2019est avec plaisir que nous vous conseillons dans les possibilit\u00e9s de financements, les assurances et nous vous assistons pour l\u2019immatriculation de votre voiture.<\/p>\n<p>[\/et_pb_blurb][\/et_pb_column][\/et_pb_row][\/et_pb_section][et_pb_section fb_built=&#8221;1&#8243; _builder_version=&#8221;4.16&#8243; _module_preset=&#8221;default&#8221; locked=&#8221;off&#8221; global_colors_info=&#8221;{}&#8221;][et_pb_row _builder_version=&#8221;4.16&#8243; _module_preset=&#8221;default&#8221; width_tablet=&#8221;&#8221; width_phone=&#8221;90%&#8221; width_last_edited=&#8221;on|phone&#8221; animation_style=&#8221;fade&#8221; animation_direction=&#8221;bottom&#8221; global_colors_info=&#8221;{}&#8221;][et_pb_column type=&#8221;4_4&#8243; _builder_version=&#8221;4.16&#8243; _module_preset=&#8221;default&#8221; global_colors_info=&#8221;{}&#8221;][et_pb_code _builder_version=&#8221;4.27.5&#8243; _module_preset=&#8221;default&#8221; hover_enabled=&#8221;0&#8243; global_colors_info=&#8221;{}&#8221; sticky_enabled=&#8221;0&#8243;]<\/p>\n<div class=\"hci-container\" data-config-id=\"4057\" data-language=\"fr\" data-entry-point=\"search\"><\/div>\n<p><script src=\"https:\/\/www.autoscout24.ch\/assets\/hci\/v2\/hci.current.js\"><\/script>[\/et_pb_code][\/et_pb_column][\/et_pb_row][\/et_pb_section]<\/p>\n","protected":false},"excerpt":{"rendered":"<p>Ledi Garage Feutersoey AGvoituresNouvelles voitures et occasions\u00cates-vous int\u00e9ress\u00e9 \u00e0 un nouveau Land Rover \/ Range Rover ou une occasion ? Nous vous offrons des voitures avec garantie. Ici vous trouvez nos offres exclusives de prix optimaux. C\u2019est avec plaisir que nous vous conseillons dans les possibilit\u00e9s de financements, les assurances et nous vous assistons pour [&hellip;]<\/p>\n","protected":false},"author":1,"featured_media":0,"parent":0,"menu_order":0,"comment_status":"closed","ping_status":"closed","template":"","meta":{"_et_pb_use_builder":"on","_et_pb_old_content":"","_et_gb_content_width":"","footnotes":""},"class_list":["post-1712","page","type-page","status-publish","hentry"],"yoast_head":"<!-- This site is optimized with the Yoast SEO plugin v25.0 - https:\/\/yoast.com\/wordpress\/plugins\/seo\/ -->\n<title>Nouvelles voitures et occasions - Ledi Garage Feutersoey AG<\/title>\n<meta name=\"description\" content=\"Wir bieten Ihnen Fahrzeuge mit Garantie. Ici vous trouvez nos offres exclusives de prix optimaux.\" \/>\n<meta name=\"robots\" content=\"index, follow, max-snippet:-1, max-image-preview:large, max-video-preview:-1\" \/>\n<link rel=\"canonical\" href=\"https:\/\/ledigarage.ch\/fr\/voitures\/\" \/>\n<meta property=\"og:locale\" content=\"fr_FR\" \/>\n<meta property=\"og:type\" content=\"article\" \/>\n<meta property=\"og:title\" content=\"Nouvelles voitures et occasions - Ledi Garage Feutersoey AG\" \/>\n<meta property=\"og:description\" content=\"Wir bieten Ihnen Fahrzeuge mit Garantie. Ici vous trouvez nos offres exclusives de prix optimaux.\" \/>\n<meta property=\"og:url\" content=\"https:\/\/ledigarage.ch\/fr\/voitures\/\" \/>\n<meta property=\"og:site_name\" content=\"Ledigarage\" \/>\n<meta property=\"article:modified_time\" content=\"2025-12-19T17:32:18+00:00\" \/>\n<meta name=\"twitter:card\" content=\"summary_large_image\" \/>\n<meta name=\"twitter:label1\" content=\"Est. reading time\" \/>\n\t<meta name=\"twitter:data1\" content=\"1 minute\" \/>\n<script type=\"application\/ld+json\" class=\"yoast-schema-graph\">{\"@context\":\"https:\/\/schema.org\",\"@graph\":[{\"@type\":\"WebPage\",\"@id\":\"https:\/\/ledigarage.ch\/fr\/voitures\/\",\"url\":\"https:\/\/ledigarage.ch\/fr\/voitures\/\",\"name\":\"Nouvelles voitures et occasions - Ledi Garage Feutersoey AG\",\"isPartOf\":{\"@id\":\"https:\/\/ledigarage.ch\/#website\"},\"datePublished\":\"2022-01-25T08:51:10+00:00\",\"dateModified\":\"2025-12-19T17:32:18+00:00\",\"description\":\"Wir bieten Ihnen Fahrzeuge mit Garantie. Ici vous trouvez nos offres exclusives de prix optimaux.\",\"breadcrumb\":{\"@id\":\"https:\/\/ledigarage.ch\/fr\/voitures\/#breadcrumb\"},\"inLanguage\":\"fr-FR\",\"potentialAction\":[{\"@type\":\"ReadAction\",\"target\":[\"https:\/\/ledigarage.ch\/fr\/voitures\/\"]}]},{\"@type\":\"BreadcrumbList\",\"@id\":\"https:\/\/ledigarage.ch\/fr\/voitures\/#breadcrumb\",\"itemListElement\":[{\"@type\":\"ListItem\",\"position\":1,\"name\":\"Startseite\",\"item\":\"https:\/\/ledigarage.ch\/fr\/\"},{\"@type\":\"ListItem\",\"position\":2,\"name\":\"voitures\"}]},{\"@type\":\"WebSite\",\"@id\":\"https:\/\/ledigarage.ch\/#website\",\"url\":\"https:\/\/ledigarage.ch\/\",\"name\":\"Ledigarage\",\"description\":\"Land Rover &amp; Range Rover Partner\",\"potentialAction\":[{\"@type\":\"SearchAction\",\"target\":{\"@type\":\"EntryPoint\",\"urlTemplate\":\"https:\/\/ledigarage.ch\/?s={search_term_string}\"},\"query-input\":{\"@type\":\"PropertyValueSpecification\",\"valueRequired\":true,\"valueName\":\"search_term_string\"}}],\"inLanguage\":\"fr-FR\"}]}<\/script>\n<!-- \/ Yoast SEO plugin. -->","yoast_head_json":{"title":"Nouvelles voitures et occasions - Ledi Garage Feutersoey AG","description":"Wir bieten Ihnen Fahrzeuge mit Garantie. Ici vous trouvez nos offres exclusives de prix optimaux.","robots":{"index":"index","follow":"follow","max-snippet":"max-snippet:-1","max-image-preview":"max-image-preview:large","max-video-preview":"max-video-preview:-1"},"canonical":"https:\/\/ledigarage.ch\/fr\/voitures\/","og_locale":"fr_FR","og_type":"article","og_title":"Nouvelles voitures et occasions - Ledi Garage Feutersoey AG","og_description":"Wir bieten Ihnen Fahrzeuge mit Garantie. Ici vous trouvez nos offres exclusives de prix optimaux.","og_url":"https:\/\/ledigarage.ch\/fr\/voitures\/","og_site_name":"Ledigarage","article_modified_time":"2025-12-19T17:32:18+00:00","twitter_card":"summary_large_image","twitter_misc":{"Est. reading time":"1 minute"},"schema":{"@context":"https:\/\/schema.org","@graph":[{"@type":"WebPage","@id":"https:\/\/ledigarage.ch\/fr\/voitures\/","url":"https:\/\/ledigarage.ch\/fr\/voitures\/","name":"Nouvelles voitures et occasions - Ledi Garage Feutersoey AG","isPartOf":{"@id":"https:\/\/ledigarage.ch\/#website"},"datePublished":"2022-01-25T08:51:10+00:00","dateModified":"2025-12-19T17:32:18+00:00","description":"Wir bieten Ihnen Fahrzeuge mit Garantie. Ici vous trouvez nos offres exclusives de prix optimaux.","breadcrumb":{"@id":"https:\/\/ledigarage.ch\/fr\/voitures\/#breadcrumb"},"inLanguage":"fr-FR","potentialAction":[{"@type":"ReadAction","target":["https:\/\/ledigarage.ch\/fr\/voitures\/"]}]},{"@type":"BreadcrumbList","@id":"https:\/\/ledigarage.ch\/fr\/voitures\/#breadcrumb","itemListElement":[{"@type":"ListItem","position":1,"name":"Startseite","item":"https:\/\/ledigarage.ch\/fr\/"},{"@type":"ListItem","position":2,"name":"voitures"}]},{"@type":"WebSite","@id":"https:\/\/ledigarage.ch\/#website","url":"https:\/\/ledigarage.ch\/","name":"Ledigarage","description":"Land Rover &amp; Range Rover Partner","potentialAction":[{"@type":"SearchAction","target":{"@type":"EntryPoint","urlTemplate":"https:\/\/ledigarage.ch\/?s={search_term_string}"},"query-input":{"@type":"PropertyValueSpecification","valueRequired":true,"valueName":"search_term_string"}}],"inLanguage":"fr-FR"}]}},"_links":{"self":[{"href":"https:\/\/ledigarage.ch\/fr\/wp-json\/wp\/v2\/pages\/1712","targetHints":{"allow":["GET"]}}],"collection":[{"href":"https:\/\/ledigarage.ch\/fr\/wp-json\/wp\/v2\/pages"}],"about":[{"href":"https:\/\/ledigarage.ch\/fr\/wp-json\/wp\/v2\/types\/page"}],"author":[{"embeddable":true,"href":"https:\/\/ledigarage.ch\/fr\/wp-json\/wp\/v2\/users\/1"}],"replies":[{"embeddable":true,"href":"https:\/\/ledigarage.ch\/fr\/wp-json\/wp\/v2\/comments?post=1712"}],"version-history":[{"count":2,"href":"https:\/\/ledigarage.ch\/fr\/wp-json\/wp\/v2\/pages\/1712\/revisions"}],"predecessor-version":[{"id":2104,"href":"https:\/\/ledigarage.ch\/fr\/wp-json\/wp\/v2\/pages\/1712\/revisions\/2104"}],"wp:attachment":[{"href":"https:\/\/ledigarage.ch\/fr\/wp-json\/wp\/v2\/media?parent=1712"}],"curies":[{"name":"wp","href":"https:\/\/api.w.org\/{rel}","templated":true}]}}